{"id":888,"date":"2022-11-13T11:13:25","date_gmt":"2022-11-13T10:13:25","guid":{"rendered":"http:\/\/systole.fr\/rhizottome\/?page_id=888"},"modified":"2024-10-18T16:12:21","modified_gmt":"2024-10-18T14:12:21","slug":"superphosphate","status":"publish","type":"page","link":"https:\/\/systole.fr\/rhizottome\/superphosphate\/","title":{"rendered":"Superphosphate"},"content":{"rendered":"\n<p class=\"has-text-align-center\"><strong>Un concert\/bal \u00e9lectro-trad fabriqu\u00e9 par<br>Matthieu Metzger, Armelle Dousset &amp; Alban Pacher<br>Cr\u00e9ation 2021<\/strong><\/p>\n\n\n\n<figure class=\"wp-block-image size-large\"><img loading=\"lazy\" width=\"1024\" height=\"756\" src=\"http:\/\/systole.fr\/rhizottome\/wp-content\/uploads\/2022\/11\/Superphosphate_credit-Guillaume-Cassiaux-1024x756.jpg\" alt=\"\" class=\"wp-image-890\" srcset=\"https:\/\/systole.fr\/rhizottome\/wp-content\/uploads\/2022\/11\/Superphosphate_credit-Guillaume-Cassiaux-1024x756.jpg 1024w, https:\/\/systole.fr\/rhizottome\/wp-content\/uploads\/2022\/11\/Superphosphate_credit-Guillaume-Cassiaux-300x221.jpg 300w, https:\/\/systole.fr\/rhizottome\/wp-content\/uploads\/2022\/11\/Superphosphate_credit-Guillaume-Cassiaux-768x567.jpg 768w, https:\/\/systole.fr\/rhizottome\/wp-content\/uploads\/2022\/11\/Superphosphate_credit-Guillaume-Cassiaux-1536x1134.jpg 1536w, https:\/\/systole.fr\/rhizottome\/wp-content\/uploads\/2022\/11\/Superphosphate_credit-Guillaume-Cassiaux.jpg 2048w\" sizes=\"(max-width: 767px) 89vw, (max-width: 1000px) 54vw, (max-width: 1071px) 543px, 580px\" \/><figcaption>Photo Guillaume Cassiaux<\/figcaption><\/figure>\n\n\n\n<figure class=\"wp-block-embed is-type-video is-provider-youtube wp-block-embed-youtube wp-embed-aspect-16-9 wp-has-aspect-ratio\"><div class=\"wp-block-embed__wrapper\">\n<iframe loading=\"lazy\" title=\"SuPeRpHoSpHaTe \u25cf EPK\" width=\"525\" height=\"295\" src=\"https:\/\/www.youtube.com\/embed\/ygaSEJ-vBvA?feature=oembed\" frameborder=\"0\" allow=\"accelerometer; autoplay; clipboard-write; encrypted-media; gyroscope; picture-in-picture; web-share\" referrerpolicy=\"strict-origin-when-cross-origin\" allowfullscreen><\/iframe>\n<\/div><\/figure>\n\n\n\n<p>Superphosphate est un trio cr\u00e9\u00e9 \u00e0 Vitry-Le-Fran\u00e7ois en 2021 en coproduction avec la SMAC pluridisciplinaire Bords 2 Sc\u00e8nes.<br><br>Apr\u00e8s quatre disques et quatorze ans de tourn\u00e9e \u00e0 sillonner les routes d\u2019Europe, d\u2019Asie et d\u2019Afrique, Rhizottome invente une nouvelle forme en trio avec Alban Pacher (violon). C&rsquo;est une version \u00ab boost\u00e9e \u00bb et \u00ab phosphat\u00e9e \u00bb du duo : SUPERPHOSPHATE .<\/p>\n\n\n\n<p>SUPERPHOSPHATE est un hymne aux danses populaires au sens large, proposant un r\u00e9pertoire allant de la polka au maloya, de la valse au zouk love. Pour cela, les instruments acoustiques (saxophone, accord\u00e9on et violon) s\u2019accordent avec d\u2019autres, beaucoup plus \u00e9lectroniques et souvent curieux (samplers, talkbox, bidules et clavier d\u2019ordinateur\u2026), con\u00e7us et construits par Matthieu Metzger aka Dr Systole.<br>Un dispositif vid\u00e9o vient soutenir les propositions musicales pour cr\u00e9er un univers visuel tant\u00f4t po\u00e9tique, tant\u00f4t nerd et psych\u00e9d\u00e9lique.<\/p>\n\n\n\n<p><\/p>\n\n\n\n<figure class=\"wp-block-image size-large\"><img loading=\"lazy\" width=\"1024\" height=\"683\" src=\"http:\/\/systole.fr\/rhizottome\/wp-content\/uploads\/2022\/11\/Superphosphate-9-juin-2021-@-Philippe-Jacquemin-119-1024x683.jpg\" alt=\"\" class=\"wp-image-889\" srcset=\"https:\/\/systole.fr\/rhizottome\/wp-content\/uploads\/2022\/11\/Superphosphate-9-juin-2021-@-Philippe-Jacquemin-119-1024x683.jpg 1024w, https:\/\/systole.fr\/rhizottome\/wp-content\/uploads\/2022\/11\/Superphosphate-9-juin-2021-@-Philippe-Jacquemin-119-300x200.jpg 300w, https:\/\/systole.fr\/rhizottome\/wp-content\/uploads\/2022\/11\/Superphosphate-9-juin-2021-@-Philippe-Jacquemin-119-768x512.jpg 768w, https:\/\/systole.fr\/rhizottome\/wp-content\/uploads\/2022\/11\/Superphosphate-9-juin-2021-@-Philippe-Jacquemin-119.jpg 1079w\" sizes=\"(max-width: 767px) 89vw, (max-width: 1000px) 54vw, (max-width: 1071px) 543px, 580px\" \/><figcaption>Photo Philippe Jacquemin<\/figcaption><\/figure>\n\n\n\n<p><\/p>\n\n\n\n<p>L\u00e0 o\u00f9 Rhizottome d\u00e9ploie dans sa musique des m\u00e9taphores de l\u2019organique et de l\u2019agriculture durable, SUPERPHOSPHATE engage une lecture plus chimique du vivre-ensemble.<br>SUPERPHOSPHATE c&rsquo;est un bal \u00e9lectro-trad, une r\u00eaverie 8 bits, comme une grosse boum de fin du monde.<br>\u00c0 regarder, \u00e0 \u00e9couter, \u00e0 danser.<\/p>\n\n\n\n<p><\/p>\n\n\n\n<figure class=\"wp-block-embed is-type-video is-provider-youtube wp-block-embed-youtube wp-embed-aspect-16-9 wp-has-aspect-ratio\"><div class=\"wp-block-embed__wrapper\">\n<iframe loading=\"lazy\" title=\"Superphosphate - WHIP SONG (LiveStreaming@Bords2Sc\u00e8nes - Jan 9th 2021)\" width=\"525\" height=\"295\" src=\"https:\/\/www.youtube.com\/embed\/xPW0fooM4Zo?feature=oembed\" frameborder=\"0\" allow=\"accelerometer; autoplay; clipboard-write; encrypted-media; gyroscope; picture-in-picture; web-share\" referrerpolicy=\"strict-origin-when-cross-origin\" allowfullscreen><\/iframe>\n<\/div><\/figure>\n\n\n\n<figure class=\"wp-block-embed is-type-video is-provider-youtube wp-block-embed-youtube wp-embed-aspect-16-9 wp-has-aspect-ratio\"><div class=\"wp-block-embed__wrapper\">\n<iframe loading=\"lazy\" title=\"Superphosphate - POST NOW (Livestreaming@Bords2Sc\u00e8nes - Jan 9th 2021)\" width=\"525\" height=\"295\" src=\"https:\/\/www.youtube.com\/embed\/ujgbg3HAJZE?feature=oembed\" frameborder=\"0\" allow=\"accelerometer; autoplay; clipboard-write; encrypted-media; gyroscope; picture-in-picture; web-share\" referrerpolicy=\"strict-origin-when-cross-origin\" allowfullscreen><\/iframe>\n<\/div><\/figure>\n\n\n\n<figure class=\"wp-block-embed is-type-video is-provider-youtube wp-block-embed-youtube wp-embed-aspect-16-9 wp-has-aspect-ratio\"><div class=\"wp-block-embed__wrapper\">\n<iframe loading=\"lazy\" title=\"Superphosphate - LA DOULCE AMYE (LiveStreaming@Bords2Sc\u00e8nes - Jan 9th 2021)\" width=\"525\" height=\"295\" src=\"https:\/\/www.youtube.com\/embed\/kAJy2TuPoho?feature=oembed\" frameborder=\"0\" allow=\"accelerometer; autoplay; clipboard-write; encrypted-media; gyroscope; picture-in-picture; web-share\" referrerpolicy=\"strict-origin-when-cross-origin\" allowfullscreen><\/iframe>\n<\/div><\/figure>\n\n\n\n<figure class=\"wp-block-embed is-type-video is-provider-youtube wp-block-embed-youtube wp-embed-aspect-16-9 wp-has-aspect-ratio\"><div class=\"wp-block-embed__wrapper\">\n<iframe loading=\"lazy\" title=\"Superphosphate - Evolving Phosphate\" width=\"525\" height=\"295\" src=\"https:\/\/www.youtube.com\/embed\/5AGk9BwHILE?feature=oembed\" frameborder=\"0\" allow=\"accelerometer; autoplay; clipboard-write; encrypted-media; gyroscope; picture-in-picture; web-share\" referrerpolicy=\"strict-origin-when-cross-origin\" allowfullscreen><\/iframe>\n<\/div><\/figure>\n","protected":false},"excerpt":{"rendered":"<p>Un concert\/bal \u00e9lectro-trad fabriqu\u00e9 parMatthieu Metzger, Armelle Dousset &amp; Alban PacherCr\u00e9ation 2021 Superphosphate est un trio cr\u00e9\u00e9 \u00e0 Vitry-Le-Fran\u00e7ois en 2021 en coproduction avec la SMAC pluridisciplinaire Bords 2 Sc\u00e8nes. Apr\u00e8s quatre disques et quatorze ans de tourn\u00e9e \u00e0 sillonner les routes d\u2019Europe, d\u2019Asie et d\u2019Afrique, Rhizottome invente une nouvelle forme en trio avec Alban &hellip; <\/p>\n<p class=\"link-more\"><a href=\"https:\/\/systole.fr\/rhizottome\/superphosphate\/\" class=\"more-link\">Continuer la lecture<span class=\"screen-reader-text\"> de &laquo;&nbsp;Superphosphate&nbsp;&raquo;<\/span><\/a><\/p>\n","protected":false},"author":1,"featured_media":0,"parent":0,"menu_order":0,"comment_status":"closed","ping_status":"closed","template":"","meta":[],"_links":{"self":[{"href":"https:\/\/systole.fr\/rhizottome\/wp-json\/wp\/v2\/pages\/888"}],"collection":[{"href":"https:\/\/systole.fr\/rhizottome\/wp-json\/wp\/v2\/pages"}],"about":[{"href":"https:\/\/systole.fr\/rhizottome\/wp-json\/wp\/v2\/types\/page"}],"author":[{"embeddable":true,"href":"https:\/\/systole.fr\/rhizottome\/wp-json\/wp\/v2\/users\/1"}],"replies":[{"embeddable":true,"href":"https:\/\/systole.fr\/rhizottome\/wp-json\/wp\/v2\/comments?post=888"}],"version-history":[{"count":5,"href":"https:\/\/systole.fr\/rhizottome\/wp-json\/wp\/v2\/pages\/888\/revisions"}],"predecessor-version":[{"id":980,"href":"https:\/\/systole.fr\/rhizottome\/wp-json\/wp\/v2\/pages\/888\/revisions\/980"}],"wp:attachment":[{"href":"https:\/\/systole.fr\/rhizottome\/wp-json\/wp\/v2\/media?parent=888"}],"curies":[{"name":"wp","href":"https:\/\/api.w.org\/{rel}","templated":true}]}}