{"id":33,"date":"2014-12-16T02:39:00","date_gmt":"2014-12-16T01:39:00","guid":{"rendered":"http:\/\/rhizottome.wordpress.com\/?page_id=33"},"modified":"2021-05-13T17:55:01","modified_gmt":"2021-05-13T15:55:01","slug":"matthieu-metzger","status":"publish","type":"page","link":"https:\/\/systole.fr\/rhizottome\/matthieu-metzger\/","title":{"rendered":"Matthieu Metzger"},"content":{"rendered":"<p><em>english | \u65e5\u672c\u8a9e | suomi &gt;&gt;&gt; below<\/em><\/p>\n<h6 style=\"text-align:center;\">&nbsp;<img loading=\"lazy\" class=\"  wp-image-719 aligncenter\" src=\"http:\/\/systole.fr\/rhizottome\/wp-content\/uploads\/2017\/03\/12316302_10207243707506621_2872173042944708358_n.jpg\" alt=\"12316302_10207243707506621_2872173042944708358_n\" width=\"323\" height=\"323\" srcset=\"https:\/\/systole.fr\/rhizottome\/wp-content\/uploads\/2017\/03\/12316302_10207243707506621_2872173042944708358_n.jpg 960w, https:\/\/systole.fr\/rhizottome\/wp-content\/uploads\/2017\/03\/12316302_10207243707506621_2872173042944708358_n-150x150.jpg 150w, https:\/\/systole.fr\/rhizottome\/wp-content\/uploads\/2017\/03\/12316302_10207243707506621_2872173042944708358_n-300x300.jpg 300w, https:\/\/systole.fr\/rhizottome\/wp-content\/uploads\/2017\/03\/12316302_10207243707506621_2872173042944708358_n-768x768.jpg 768w\" sizes=\"(max-width: 323px) 100vw, 323px\" \/><\/h6>\n<h6 style=\"text-align:center;\"><\/h6>\n<blockquote>\n<p style=\"text-align:justify;\">Seize ann\u00e9es d\u2019\u00e9tude des saxophones avec Philippe Di Betta lui ont donn\u00e9 le go\u00fbt de la musique au-del\u00e0 de l\u2019esth\u00e9tique, et son l\u2019int\u00e9r\u00eat pour l\u2019analyse s\u2019est concr\u00e9tis\u00e9 \u00e0 l\u2019Universit\u00e9 de Poitiers par l\u2019obtention de la ma\u00eetrise&nbsp;<i><a href=\"http:\/\/matthieu.metzger.free.fr\/memoire\/titre.html\" target=\"_blank\" rel=\"noopener noreferrer\">Meshuggah, une formation de m\u00e9tal atypique<\/a><\/i>.<\/p>\n<p style=\"text-align:justify;\">Parall\u00e8lement au cadre institutionnel il s\u2019implique dans des projets de musiques contemporaines, mandingues, de danse, le <i>Sens de la Marche<\/i> de <a href=\"http:\/\/www.marcducret.com\/\" target=\"_blank\" rel=\"noopener noreferrer\">Marc Ducret<\/a>, <i>Anthurus d\u2019Archer<\/i> ou encore le collectif m\u00e9tal&nbsp;<a href=\"http:\/\/www.klonosphere.com\/\" target=\"_blank\" rel=\"noopener noreferrer\"><i>Klonosph\u00e8re<\/i><\/a>.<\/p>\n<p style=\"text-align:justify;\">Il int\u00e8grera en 2008 le quintet de <a href=\"http:\/\/systole.fr\/mmtz\/bio.html\" target=\"_blank\" rel=\"noopener noreferrer\">Louis Sclavis<\/a> puis peu de temps apr\u00e8s l\u2019<a href=\"http:\/\/www.onj.org\/orchestre\/daniel-yvinec-2009-2013\/\" target=\"_blank\" rel=\"noopener noreferrer\"><i>Orchestre National de Jazz<\/i><\/a> de Daniel Yvinec. D\u2019autres collaborations verront le jour, notamment avec <a href=\"http:\/\/www.fsarhan.com\/\" target=\"_blank\" rel=\"noopener noreferrer\">Fran\u00e7ois Sarhan<\/a>, l\u2019ensemble <a href=\"http:\/\/www.ictus.be\/\" target=\"_blank\" rel=\"noopener noreferrer\"><i>Ictus<\/i><\/a>, <a href=\"http:\/\/www.amarillis.fr\/\" target=\"_blank\" rel=\"noopener noreferrer\"><i>Amarillis<\/i><\/a>, la campagnie des <a href=\"http:\/\/musicaouir.fr\/\" target=\"_blank\" rel=\"noopener noreferrer\"><i>Musiques \u00e0 Ou\u00efr<\/i><\/a>. Il se produit en solo, en duo dans <em><a href=\"http:\/\/www.rhizottome.com\/\" target=\"_blank\" rel=\"noopener noreferrer\">Rhizottome<\/a><\/em> ou avec <a href=\"http:\/\/johnhollenbeck.com\/\" target=\"_blank\" rel=\"noopener noreferrer\">John Hollenbeck<\/a>, dans son power-trio<em><a>Killing Spree<\/a><\/em>, avec <em>Kino-Sounds<\/em>, <em>XXO<\/em>, <em>Urban Mood<\/em>\u2026<\/p>\n<p style=\"text-align:justify;\">Attir\u00e9 tout autant par l\u2019aspect po\u00e9tique et social de la musique que par les moyens techniques de lui donner vie, c\u2019est en autodidacte qu\u2019il s\u2019est form\u00e9 \u00e0 la lutherie \u00e9lectronique, l\u2019acoustique, l\u2019enregistrement, r\u00e9alisant notamment les cinq albums d\u2019<em>Anthurus d\u2019Archer<\/em>, ceux de <em>Rhizottome<\/em>, ses productions en tant que leader ou les six disques <i>Tower<\/i> de Marc Ducret.<\/p>\n<\/blockquote>\n<blockquote><p><a name=\"anglais\"><\/a><\/p>\n<p>A big dose of conservatoire with fun, as a good boy (classical saxophone, jazz, sol-fa, etc.)<\/p>\n<p style=\"text-align:justify;\">Questions about what&rsquo;s dealing before and between our ears (musicology studies, writings on Meshuggah).<\/p>\n<p style=\"text-align:justify;\">Electronic tummys (and electrochocs&#8230;), some bitter and dark rock, self-taught recording techniques by musical necessity and emergency.<\/p>\n<p style=\"text-align:justify;\">A lot of projects crawling in mind.<\/p>\n<\/blockquote>\n<p><a name=\"japonais\"><\/a><\/p>\n<blockquote>\n<p style=\"text-align:justify;\">\u30de\u30c1\u30e5\u30fc\u30fb\u30e1\u30c3\u30c4\u30ac\u30fc\u3000\u97f3\u697d\u9662\u3067\u30af\u30e9\u30b7\u30c3\u30af\u30b5\u30c3\u30af\u30b9\u3001\u30b8\u30e3\u30ba\u3001\u97f3\u968e\u3092\u697d\u3057\u307f\u306a\u304c\u3089\u5b66\u3073\u3001\u512a\u7b49\u751f\u3068\u3057\u3066\u5352\u696d\u3002\u8033\u306b\u97f3\u304c\u611f\u77e5\u3055\u308c\u308b\u524d\u3068\u611f\u77e5\u3055\u308c\u3066\u3044\u308b\u9593\u3067\u306f\u4f55\u304c\u8d77\u3053\u3063\u3066\u3044\u308b\u306e\u304b\u3092\u7814\u7a76\u3002\u96fb\u5b50\u3001\u30c0\u30fc\u30af\u30ed\u30c3\u30af\u306e\u6280\u8853\u3092\u4f7f\u3044\u3001\u72ec\u81ea\u306b\u30ec\u30b3\u30fc\u30c7\u30a3\u30f3\u30b0\u3092\u884c\u3046\u3002<\/p>\n<\/blockquote>\n<p style=\"text-align:justify;\">\u00c4skett\u00e4in Suomessa <em>SelfCooking<\/em> -soolonsa kanssa kiert\u00e4nyt saksofonisti Matthieu Metzger on outo lintu ranskalaisen jazzkent\u00e4n uusien tulokkaiden joukossa. H\u00e4nt\u00e4 kiehtoo musiikin runollinen ulottuvuus, jonka h\u00e4n tuo esille muusikkona ja joskus&nbsp;my\u00f6s&nbsp;\u00e4\u00e4nitt\u00e4j\u00e4n\u00e4. H\u00e4n on yht\u00e4 hyvin kotonaan jazzin, nykymusiikin, kansanmusiikin, rockin ja metallimusiikin parissa. H\u00e4n johtaa omaa Killing Spree -trioaan, soittaa mm. klarinetisti <strong>Louis Sclavisin<\/strong> kanssa Amarillys Ensembless\u00e4 ja on ollut Orchestre National de Jazzin j\u00e4sen vuosina 2010-2014.<\/p>\n<h6 style=\"text-align:right;\">pic : Mathieu Vladimir Alliard<\/h6>\n","protected":false},"excerpt":{"rendered":"<p>english | \u65e5\u672c\u8a9e | suomi &gt;&gt;&gt; below &nbsp; Seize ann\u00e9es d\u2019\u00e9tude des saxophones avec Philippe Di Betta lui ont donn\u00e9 le go\u00fbt de la musique au-del\u00e0 de l\u2019esth\u00e9tique, et son l\u2019int\u00e9r\u00eat pour l\u2019analyse s\u2019est concr\u00e9tis\u00e9 \u00e0 l\u2019Universit\u00e9 de Poitiers par l\u2019obtention de la ma\u00eetrise&nbsp;Meshuggah, une formation de m\u00e9tal atypique. Parall\u00e8lement au cadre institutionnel il s\u2019implique &hellip; <\/p>\n<p class=\"link-more\"><a href=\"https:\/\/systole.fr\/rhizottome\/matthieu-metzger\/\" class=\"more-link\">Continuer la lecture<span class=\"screen-reader-text\"> de &laquo;&nbsp;Matthieu Metzger&nbsp;&raquo;<\/span><\/a><\/p>\n","protected":false},"author":1,"featured_media":0,"parent":0,"menu_order":0,"comment_status":"open","ping_status":"open","template":"","meta":[],"_links":{"self":[{"href":"https:\/\/systole.fr\/rhizottome\/wp-json\/wp\/v2\/pages\/33"}],"collection":[{"href":"https:\/\/systole.fr\/rhizottome\/wp-json\/wp\/v2\/pages"}],"about":[{"href":"https:\/\/systole.fr\/rhizottome\/wp-json\/wp\/v2\/types\/page"}],"author":[{"embeddable":true,"href":"https:\/\/systole.fr\/rhizottome\/wp-json\/wp\/v2\/users\/1"}],"replies":[{"embeddable":true,"href":"https:\/\/systole.fr\/rhizottome\/wp-json\/wp\/v2\/comments?post=33"}],"version-history":[{"count":1,"href":"https:\/\/systole.fr\/rhizottome\/wp-json\/wp\/v2\/pages\/33\/revisions"}],"predecessor-version":[{"id":849,"href":"https:\/\/systole.fr\/rhizottome\/wp-json\/wp\/v2\/pages\/33\/revisions\/849"}],"wp:attachment":[{"href":"https:\/\/systole.fr\/rhizottome\/wp-json\/wp\/v2\/media?parent=33"}],"curies":[{"name":"wp","href":"https:\/\/api.w.org\/{rel}","templated":true}]}}