{"id":291,"date":"2015-11-23T13:09:29","date_gmt":"2015-11-23T12:09:29","guid":{"rendered":"https:\/\/rhizottome.wordpress.com\/?page_id=291"},"modified":"2023-01-06T19:07:01","modified_gmt":"2023-01-06T18:07:01","slug":"pro","status":"publish","type":"page","link":"https:\/\/systole.fr\/rhizottome\/pro\/","title":{"rendered":"Pro \/ contact"},"content":{"rendered":"<p style=\"text-align: center;\"><strong>CONTACTER LE DUO<\/strong><\/p>\n<blockquote>\n<p style=\"text-align: center;\">rhizottome@gmail.com<\/p>\n<p style=\"text-align: center;\">06 15 64 68 72<\/p>\n<\/blockquote>\n<p style=\"text-align: center;\">\n<p style=\"text-align: center;\"><a href=\"http:\/\/systole.fr\/rhizottome\/wp-content\/uploads\/2023\/01\/rhizottome-photos-1.zip\" target=\"_blank\" rel=\"noopener\">t\u00e9l\u00e9charger les photos HQ<\/a><\/p>\n<p style=\"text-align: center;\"><a href=\"http:\/\/systole.fr\/rhizottome\/wp-content\/uploads\/2023\/01\/fiche_technique-rhizottome.pdf\" target=\"_blank\" rel=\"noopener\">t\u00e9l\u00e9charger la fiche technique<\/a><\/p>\n<p><img loading=\"lazy\" class=\"  wp-image-625 aligncenter\" src=\"http:\/\/systole.fr\/rhizottome\/wp-content\/uploads\/2017\/03\/mva0947.jpg?w=680\" alt=\"_MVA0947\" width=\"333\" height=\"501\" \/><\/p>\n<h6 style=\"text-align: center;\">(c) Mathieu Vladimir Alliard<\/h6>\n<p><img loading=\"lazy\" class=\"  wp-image-182 aligncenter\" src=\"https:\/\/rhizottome.files.wordpress.com\/2014\/12\/photo_mathieu_vladimir_alliard.jpg?w=680\" alt=\"photo_mathieu_vladimir_alliard\" width=\"333\" height=\"500\" \/><\/p>\n<h6 style=\"text-align: center;\">(c) Mathieu Vladimir Alliard<\/h6>\n<p><img loading=\"lazy\" class=\"alignnone size-full wp-image-626\" src=\"http:\/\/systole.fr\/rhizottome\/wp-content\/uploads\/2017\/03\/rhizottome_3_c_elie_peres.png\" alt=\"rhizottome_3_c_elie_peres\" width=\"2048\" height=\"875\" \/><\/p>\n<h6 style=\"text-align: center;\">(c) Elie Peres<\/h6>\n<p style=\"text-align: center;\">\n<p style=\"text-align: center;\">\n<blockquote>\n<p style=\"text-align: center;\">\n<p style=\"text-align: center;\">\n<\/blockquote>\n<p style=\"text-align: center;\"><strong>\u00a0 \u00a0 \u00a0 \u00a0 \u00a0 \u00a0 \u00a0 \u00a0 \u00a0 <\/strong><\/p>\n","protected":false},"excerpt":{"rendered":"<p>CONTACTER LE DUO rhizottome@gmail.com 06 15 64 68 72 t\u00e9l\u00e9charger les photos HQ t\u00e9l\u00e9charger la fiche technique (c) Mathieu Vladimir Alliard (c) Mathieu Vladimir Alliard (c) Elie Peres \u00a0 \u00a0 \u00a0 \u00a0 \u00a0 \u00a0 \u00a0 \u00a0 \u00a0<\/p>\n","protected":false},"author":1,"featured_media":0,"parent":0,"menu_order":0,"comment_status":"closed","ping_status":"closed","template":"","meta":[],"_links":{"self":[{"href":"https:\/\/systole.fr\/rhizottome\/wp-json\/wp\/v2\/pages\/291"}],"collection":[{"href":"https:\/\/systole.fr\/rhizottome\/wp-json\/wp\/v2\/pages"}],"about":[{"href":"https:\/\/systole.fr\/rhizottome\/wp-json\/wp\/v2\/types\/page"}],"author":[{"embeddable":true,"href":"https:\/\/systole.fr\/rhizottome\/wp-json\/wp\/v2\/users\/1"}],"replies":[{"embeddable":true,"href":"https:\/\/systole.fr\/rhizottome\/wp-json\/wp\/v2\/comments?post=291"}],"version-history":[{"count":6,"href":"https:\/\/systole.fr\/rhizottome\/wp-json\/wp\/v2\/pages\/291\/revisions"}],"predecessor-version":[{"id":926,"href":"https:\/\/systole.fr\/rhizottome\/wp-json\/wp\/v2\/pages\/291\/revisions\/926"}],"wp:attachment":[{"href":"https:\/\/systole.fr\/rhizottome\/wp-json\/wp\/v2\/media?parent=291"}],"curies":[{"name":"wp","href":"https:\/\/api.w.org\/{rel}","templated":true}]}}