{"id":24,"date":"2014-12-16T02:32:54","date_gmt":"2014-12-16T01:32:54","guid":{"rendered":"http:\/\/rhizottome.wordpress.com\/?page_id=24"},"modified":"2025-11-11T23:25:53","modified_gmt":"2025-11-11T22:25:53","slug":"agenda","status":"publish","type":"page","link":"https:\/\/systole.fr\/rhizottome\/agenda\/","title":{"rendered":"Agenda"},"content":{"rendered":"<p style=\"text-align: center;\">\n<p style=\"text-align: center;\">\n<p style=\"text-align: center;\"><strong>du 1er au 18 septembre 2025<\/strong> : <span style=\"color: #99cc00;\">niwashi no yume<\/span>, Rhizottome &amp; <span style=\"color: #99ccff;\">Superphosphate<\/span> JAPAN TOUR :<\/p>\n<p>04-09-2025 \u2192 <span style=\"color: #99cc00;\">niwashi no yume \u5ead\u5e2b\u306e\u5922<\/span>\u00a0 @ Villa Kujoyama, KYOTO<\/p>\n<p>05-09-2025 \u2192 <span style=\"color: #99cc00;\">niwashi no yume \u5ead\u5e2b\u306e\u5922<\/span>\u00a0 @ UrBANGUILD, KYOTO<\/p>\n<p>07-09-2025 \u2192 RHIZOTTOME feat Alban Pacher &amp; Ihara Tokiko\u00a0 @ Le March\u00e9 IFJK, KYOTO<\/p>\n<p>08-09-2025 \u2192 Improvisation night @ UrBANGUILD, KYOTO<\/p>\n<p>12-09-2025 \u2192 <span style=\"color: #99ccff;\">SUPERPHOSPHAT<\/span>E @ UrBANGUILD, KYOTO<\/p>\n<p>13-09-2025 \u2192<span style=\"color: #99cc00;\"> \u5ead\u5e2b\u306e\u5922 experimental impro<\/span> + Ishikawa K\u00f4 @ Jazz art Sengawa, TOKYO<\/p>\n<p>17-09-2025 \u2192 <span style=\"color: #99ccff;\">SUPERPHOSPHATE<\/span> @ Environment 0g, OSAKA<\/p>\n<p style=\"text-align: center;\"><strong>19 octobre<\/strong>\u00a0<strong>2025 <\/strong>: La Devini\u00e8re, Le Petit Faucheux, Chinon<\/p>\n<p style=\"text-align: center;\"><strong>14 novembre<\/strong>\u00a0<strong>2025 <\/strong>: Habille-toi, on sort, Mir\u00e9 (49)<\/p>\n<p style=\"text-align: center;\"><strong>15 novembre<\/strong>\u00a0<strong>2025 <\/strong>: Masterclass + Concert, Lion d&rsquo;Angers (49)<\/p>\n<p style=\"text-align: center;\"><strong>21 novembre<\/strong>\u00a0<strong>2025 <\/strong>: Concert \u00e0 Latasa (ES)<\/p>\n<p style=\"text-align: center;\"><strong>22 novembre<\/strong> <strong>2025 <\/strong>: Bal au Festival Folqu\u00e9, Madrid (ES)<\/p>\n<p style=\"text-align: center;\"><span style=\"color: #ffff99;\">&#8230;&#8230;&#8230;&#8230;&#8230;&#8230;&#8230;&#8230;&#8230;<\/span><\/p>\n<p style=\"text-align: center;\"><strong style=\"color: #ffff99; font-size: 1.25rem;\">Past events<\/strong><\/p>\n<p style=\"text-align: center;\">Scarabal, Chambrouli\u00e8re<\/p>\n<p style=\"text-align: center;\">Comboros, St Gervais d&rsquo;Auvergne<\/p>\n<p style=\"text-align: center;\">Mens Alors, Mens<\/p>\n<p style=\"text-align: center;\">Superphosphate, Bouche \u00e0 Oreille, Parthenay<\/p>\n<p style=\"text-align: center;\">Rhizottome + <span style=\"color: #99ccff;\">Superphophate<\/span>, Festival \u00e0 Montours<\/p>\n<p style=\"text-align: center;\">Jazz dans le Bocage, Tronget<\/p>\n<p style=\"text-align: center;\">Rhizottome + <span style=\"color: #99ccff;\">Superphophate<span style=\"color: #000000;\">,<\/span> <\/span>Festival MIF MIA, Douarnenez<\/p>\n<p style=\"text-align: center;\">Big Bang Jazz, Cosne sur Loire<\/p>\n<p style=\"text-align: center;\">Reno Folk, Bologna (IT)<\/p>\n<p style=\"text-align: center;\">L&rsquo;Ou\u00efe Cyclette, Ry (76)<\/p>\n<p style=\"text-align: center;\">Teknibal, Point Fort d&rsquo;Aubervilliers (93)<\/p>\n<p style=\"text-align: center;\">Th\u00e9\u00e2tre de Privas (07)<\/p>\n<p style=\"text-align: center;\">Zone i, Thor\u00e9-la-Rochette (41)<\/p>\n<p style=\"text-align: center;\">+ <span style=\"color: #3366ff;\"><strong>Superphosphate<\/strong><\/span>\u00a0@ Le Comptoir, Fontenay-sous-bois (94)<\/p>\n<p style=\"text-align: center;\">Vague de Jazz &#8211; private<\/p>\n<p style=\"text-align: center;\">CHAHUT ! St Germain de Calberte, BAL<\/p>\n<p style=\"text-align: center;\">Bal en Soir, Versailles<\/p>\n<p style=\"text-align: center;\"><em>Janvier 2024 &#8211; Tourn\u00e9e Sc\u00e8ne Nationale d&rsquo;Albi<\/em><\/p>\n<p style=\"text-align: center;\">Saint Ju\u00e9ry, la Gare<\/p>\n<p style=\"text-align: center;\">Salvagnac, L\u2019Ecrin<\/p>\n<p style=\"text-align: center;\">\u00a0Lescure, Salle communale<\/p>\n<p style=\"text-align: center;\">Gaillac, Le Balcon<\/p>\n<p style=\"text-align: center;\">\u00a0Monesti\u00e9s, Salle des f\u00eates<\/p>\n<p style=\"text-align: center;\">\u00a0Laboulb\u00e8ne, Salle des f\u00eates<\/p>\n<p style=\"text-align: center;\">\u00a0Puygouzon, Salle des f\u00eates<\/p>\n<p style=\"text-align: center;\">Sainte-Gemme, Salle des f\u00eates<\/p>\n<p style=\"text-align: center;\">\u00a0Labrugui\u00e8re, Le Rond Point<\/p>\n<p style=\"text-align: center;\">\u00a0 Blaye-les-Mines, Salle des Pilotis<\/p>\n<p style=\"text-align: center;\">\u00a0Mazamet, Espace Apollo<\/p>\n<p style=\"text-align: center;\">\u00a0Souillac en Sc\u00e8ne, Souillac<\/p>\n<p style=\"text-align: center;\"><span style=\"color: #3366ff;\"><strong>Superphosphate <\/strong><\/span>@ Poitiers, Lieu Multiple<\/p>\n<p style=\"text-align: center;\">Festival Bouillez, Val en Vignes<\/p>\n<p style=\"text-align: center;\">Gros Bal du Vercors<\/p>\n<p style=\"text-align: center;\">Chahut ! Musiques en C\u00e9vennes, St Germain de Calberte, CONCERT<\/p>\n<p style=\"text-align: center;\">Le Nouveau Pavillon, Festival Eurofonik (Pannonica), Nantes<\/p>\n<p style=\"text-align: center;\"><strong><span style=\"color: #3366ff;\">Superphosphate<\/span><\/strong> @ L&rsquo;Envers du bocal, Poitiers<\/p>\n<p style=\"text-align: center;\">Festival du Bleu en hiver, Tulle<\/p>\n<p style=\"text-align: center;\">Bal du 31 d\u00e9cembre @ Ch\u00e2tillon-en-Diois<\/p>\n<p style=\"text-align: center;\">Tournage \u00e0 la grotte \u00e0 pineau, Poitiers (86)<\/p>\n<p style=\"text-align: center;\">Jazz \u00e0 Dissay (86)<\/p>\n<p style=\"text-align: center;\">Atelier du Plateau, Paris<\/p>\n<p style=\"text-align: center;\">La Passerelle, Maul\u00e9on (79)<\/p>\n<p style=\"text-align: center;\">Bocapole, Bressuire (79)<\/p>\n<p style=\"text-align: center;\">3T, Chatellerault (86)<\/p>\n<p style=\"text-align: center;\"><strong><span style=\"color: #3366ff;\">Superphosphate<\/span><\/strong> @ Le Bloc, Poitiers<\/p>\n<p style=\"text-align: center;\">Balalalune (Tri\u00e8ve)<\/p>\n<p style=\"text-align: center;\">Bruxelles &#8211; La Vieille Ch\u00e9chette (BE)<\/p>\n<p style=\"text-align: center;\">L&rsquo;Aquilone, Li\u00e8ge (BE)<\/p>\n<p style=\"text-align: center;\">L&rsquo;Am\u00e8re \u00e0 boire, Bruxelles (BE)<\/p>\n<p style=\"text-align: center;\"><a href=\"http:\/\/www.musiquesrivegaucheparis.fr\">Musiques Rives Gauche<\/a> festival (Paris)<\/p>\n<p style=\"text-align: center;\"><strong><span style=\"color: #3366ff;\">Superphosphate<\/span> <\/strong>@ L&rsquo;Horizon, La Rochelle<\/p>\n<p style=\"text-align: center;\"><strong><span style=\"color: #3366ff;\">Superphosphate<\/span> <\/strong>@ Vitry-le Fran\u00e7ois<\/p>\n<p style=\"text-align: center;\">Utopies Festivales de Pisy (89)<\/p>\n<p style=\"text-align: center;\">Festival de Saintes, Abbaye aux Dames (17)<\/p>\n<p style=\"text-align: center;\">Festival Archipels (86)<\/p>\n<p style=\"text-align: center;\">Livestream @ L\u2019Orange Bleue, Vitry-le-Fran\u00e7ois<\/p>\n<p style=\"text-align: center;\"><strong>Ateliers et concert, sortie physique du disque @ Nouakchott \u2013 Institut Fran\u00e7ais de Mauritanie<\/strong><\/p>\n<p style=\"text-align: center;\"><strong>Sortie num\u00e9rique du disque @ Atelier du plateau, Paris<\/strong><\/p>\n<p style=\"text-align: center;\">avec Duo Tartini @ Salle Cortot, Paris<\/p>\n<p style=\"text-align: center;\">L&rsquo;Envers du bocal, Poitiers<\/p>\n<p style=\"text-align: center;\">Concert priv\u00e9, Poitiers<\/p>\n<p style=\"text-align: center;\">Caf\u00e9 du boulevard, Melle<\/p>\n<p style=\"text-align: center;\"><span style=\"color: #ccffff;\">niwashi no yume @ Institut franco-japonais du Kansai, Ky\u00f4to (JP)<\/span><\/p>\n<p style=\"text-align: center;\"><span style=\"color: #ccffff;\">niwashi no yume @ Branch, Matsuiyamate (JP)<\/span><\/p>\n<p style=\"text-align: center;\">L&rsquo;Enchanti\u00e9, Vilhonneur<\/p>\n<p style=\"text-align: center;\">Festival Archipels &#8211; Cie Dominique Pifar\u00e9ly, Jaunay-Marigny<\/p>\n<p style=\"text-align: center;\">Bal \u00e0 Faux-la-Montagne<\/p>\n<p style=\"text-align: center;\">Bouche \u00e0 Oreille, Bouchemaine<\/p>\n<p style=\"text-align: center;\">Festival du Mazonric<\/p>\n<p style=\"text-align: center;\">Festival Andan\u00e7as,\u00a0Castelo do Vide (PT)<\/p>\n<p style=\"text-align: center;\">Bal \u00e0 Balazuc (Ard\u00e8che)<\/p>\n<p style=\"text-align: center;\">Concerts \u00e0 domicile + Jardin de l&rsquo;apostrophe @ Maz\u00e9 (F)<\/p>\n<p style=\"text-align: center;\">Festival Bordures, Langon (Bretagne,F)<\/p>\n<p style=\"text-align: center;\"><span style=\"color: #ccffff;\"><strong>Finland &amp; Baltic TOUR<\/strong><\/span><\/p>\n<p style=\"text-align: center;\"><span style=\"color: #ccffff;\"><strong>&#8211;&gt;<\/strong> Turku, Turun seudun musiikkiopisto \/ Finland<\/span><\/p>\n<p style=\"text-align: center;\"><span style=\"color: #ccffff;\">Pori \/ Validi Karkia klubi \/ Finland<\/span><\/p>\n<p style=\"text-align: center;\"><span style=\"color: #ccffff;\">Haapavesi, Kulmajazz \/ Finland<\/span><\/p>\n<p style=\"text-align: center;\"><span style=\"color: #ccffff;\">\u00c4\u00e4nekoski, Wille \/ Finland<\/span><\/p>\n<p style=\"text-align: center;\"><span style=\"color: #ccffff;\">Joensuu, Pakkahuone \/ Finland<\/span><\/p>\n<p style=\"text-align: center;\"><span style=\"color: #ccffff;\">Loimaa, Taidetalo \/ Finland<\/span><\/p>\n<p style=\"text-align: center;\"><span style=\"color: #ccffff;\">Kerava, Library \/ Finland<\/span><\/p>\n<p style=\"text-align: center;\"><span style=\"color: #ccffff;\">C\u0113cis, Vidzeme Concert Hall \/ Latvia<\/span><\/p>\n<p style=\"text-align: center;\"><span style=\"color: #ccffff;\">Liepaja, Promenade \/ Latvia<\/span><\/p>\n<p style=\"text-align: center;\"><span style=\"color: #ccffff;\">Latvia (tba)<\/span><\/p>\n<p style=\"text-align: center;\"><span style=\"color: #ccffff;\">Preili, Cultural House \/ Latvia<\/span><\/p>\n<p style=\"text-align: center;\"><span style=\"color: #ccffff;\">Tartu, ERM Estonian National Museum\/ Estonia<\/span><\/p>\n<p style=\"text-align: center;\"><span style=\"color: #ccffff;\">Oleri, Manor House \/ Latvia<\/span><\/p>\n<p style=\"text-align: center;\"><span style=\"color: #ccffff;\">Viljandi, Parimusmuusikka Ait \/ Estonia<\/span><\/p>\n<p style=\"text-align: center;\"><span style=\"color: #ccffff;\">Tallinn, Jazzkaar \/ Estonia<\/span><\/p>\n<p style=\"text-align: center;\"><span style=\"color: #ccffff;\">Espoo, Sellosali \/ also: Pekko ja Uunissak\u00e4velij\u00e4t \/ Finland<\/span><\/p>\n<p style=\"text-align: center;\"><span style=\"color: #ccffff;\">Riihim\u00e4ki, Vihre\u00e4talo\u00a0 \/ Finland<\/span><\/p>\n<p style=\"text-align: center;\"><span style=\"color: #ccffff;\">Salo, Art Museum Veturitalli \/ Finland<\/span><\/p>\n<p style=\"text-align: center;\">&#8211;&gt; \u5ead\u5e2b\u306e\u5922 project (niwashi no yume), Le Triton, Paris<\/p>\n<p style=\"text-align: center;\">\u00a0\u5ead\u5e2b\u306e\u5922 project (niwashi no yume) BAL, Lyon<\/p>\n<p style=\"text-align: center;\">Concert for kids, TAP Poitiers<\/p>\n<p style=\"text-align: center;\">impro workshop, TAP Poitiers<\/p>\n<p style=\"text-align: center;\">\u5ead\u5e2b\u306e\u5922 project (niwashi no yume), Th\u00e9\u00e2tre d&rsquo;Orl\u00e9ans<\/p>\n<p style=\"text-align: center;\">Japanese diaries video installation<\/p>\n<p style=\"text-align: center;\">\u5ead\u5e2b\u306e\u5922 project (niwashi no yume), TAP Poitiers<\/p>\n<p style=\"text-align: center;\">Parc de Rentilly<\/p>\n<p style=\"text-align: center;\">Mens alors ! Mens<\/p>\n<p style=\"text-align: center;\">Eglise de Vaux le Bardoult<\/p>\n<p style=\"text-align: center;\">Pan&amp;Circus, Ky\u00f4to (JP)<\/p>\n<p style=\"text-align: center;\">\u5ead\u5e2b\u306e\u5922 project residency and showing, Ky\u00f4to Art Center (JP)<\/p>\n<p style=\"text-align: center;\">Urbanguild, Ky\u00f4to (JP)<\/p>\n<p style=\"text-align: center;\">\u5ead\u5e2b\u306e\u5922 project, Nuit de la philo, Institut Fran\u00e7ais, Tokyo (JP)<\/p>\n<p style=\"text-align: center;\">Festival \u00e0 3 Temps, Lisbon\u00a0(PT)<\/p>\n<p style=\"text-align: center;\">Bal de Mireille, La Bastide de S\u00e9rou<\/p>\n<p style=\"text-align: center;\">Festival du Boulegan, St Jean-du-Gard<\/p>\n<p style=\"text-align: center;\"><span style=\"color: #ccffff;\"><strong>FROM SEPTEMBER TO DECEMBER 2015\u00a0\/\/Enraciner \/ D\u00e9raciner <\/strong><\/span><br \/>\nResidence at Villa Kujoyama, Ky\u00f4to, Japan &#8211;&gt;<br \/>\n<em>exchanging, composing, recording with japanese artists<\/em>.<\/p>\n<p style=\"text-align: center;\"><span style=\"color: #ccffff;\">Private wedding concert, Maison de bonheur, Gwangju, Korea<\/span><\/p>\n<p style=\"text-align: center;\"><span style=\"color: #ccffff;\">Korean Music Festival of Bukchon, Korea<\/span><\/p>\n<p style=\"text-align: center;\"><span style=\"color: #ccffff;\">Le March\u00e9, Institut franco-japonais du Kansai, Ky\u00f4to, Japan<\/span><\/p>\n<p style=\"text-align: center;\"><span style=\"color: #ccffff;\">with Reiko Imanishi (koto), UrBANGUILD, Ky\u00f4to,\u00a0Japan<\/span><\/p>\n<p style=\"text-align: center;\"><span style=\"color: #ccffff;\">with Reiko Imanishi (koto), Spinning Mill Gallery, Osaka,\u00a0Japan<\/span><\/p>\n<p style=\"text-align: center;\"><span style=\"color: #ccffff;\">Yokai-Soho, Ky\u00f4to,\u00a0Japan<\/span><\/p>\n<p style=\"text-align: center;\"><span style=\"color: #ccffff;\">Bon Bon Bon la fait maison, T\u00f4ky\u00f4,\u00a0Japan<\/span><\/p>\n<p style=\"text-align: center;\"><span style=\"color: #ccffff;\">with Reiko Imanishi (koto) &amp; Ryotaro Sudo (accordion), Nuit Blanche | Shimogamo Shrine, Ky\u00f4to,\u00a0Japan<\/span><\/p>\n<p style=\"text-align: center;\"><span style=\"color: #ccffff;\">with Tokiko Ihara (sh\u00f4), Joren-ji temple, Nara,\u00a0Japan<\/span><\/p>\n<p style=\"text-align: center;\"><span style=\"color: #ccffff;\">Biwako Hall Center for the Performing Arts, Shiga,\u00a0Japan<\/span><\/p>\n<p style=\"text-align: center;\"><span style=\"color: #ccffff;\">Onomichi City museum (Onomichi Rendez-vous),\u00a0Japan<\/span><\/p>\n<p style=\"text-align: center;\"><span style=\"color: #ccffff;\">with Matsumoto Ken-Ichi (shakuhachi &amp; saxophone) &amp; Fukushima Hisao (guitar), Chigusa, Yokohama,\u00a0Japan<\/span><\/p>\n<p style=\"text-align: center;\"><span style=\"color: #ccffff;\">with Reiko Imanishi (koto), Shinsekai, T\u00f4ky\u00f4,\u00a0Japan<\/span><\/p>\n<p style=\"text-align: center;\"><span style=\"color: #ccffff;\">with K\u00f4 Ishikawa (sh\u00f4), Ftarri, T\u00f4ky\u00f4,\u00a0Japan<\/span><\/p>\n<p style=\"text-align: center;\"><span style=\"color: #ccffff;\">Institut franco-japonais du Kansai, Ky\u00f4to,\u00a0Japan<\/span><\/p>\n<p style=\"text-align: center;\"><span style=\"color: #ccffff;\">Seika University, Ky\u00f4to,\u00a0Japan<\/span><\/p>\n<p style=\"text-align: center;\"><span style=\"color: #ccffff;\">\u30a6\u30de\u30a4\u30e2\u30f3\u30d0\u30fc\u30eb\u3000\u30a2\u30c3\u30bd, Osaka,\u00a0Japan<\/span><\/p>\n<p style=\"text-align: center;\"><span style=\"color: #ccffff;\">Pan and Circus, Ky\u00f4to,\u00a0Japan<\/span><\/p>\n<p style=\"text-align: center;\"><span style=\"color: #ccffff;\">Workshop with students &amp; recording with Tokiko Ihara, Seika University, Ky\u00f4to,\u00a0Japan<\/span><\/p>\n<p style=\"text-align: center;\"><span style=\"color: #ccffff;\">Recording with Reiko Imanishi , Seika University, Ky\u00f4to,\u00a0Japan<\/span><\/p>\n<p style=\"text-align: center;\"><span style=\"color: #ccffff;\">Visual concert with Reiko Imanishi (koto) and Akito Sengoku (time painting), Villa Kujoyama, Ky\u00f4to,\u00a0Japan<\/span><\/p>\n<p style=\"text-align: center;\"><span style=\"color: #ccffff;\">Le March\u00e9, Institut franco-japonais du Kansai, Ky\u00f4to,\u00a0Japan<\/span><\/p>\n<p style=\"text-align: center;\"><span style=\"color: #ccffff;\">\u5ead\u5e2b\u306e\u5922 &#8211; niwashi no yume &#8211; \u00a0with Reiko Imanishi (koto) and Akito Sengoku (time painting), Urbanguild, Ky\u00f4to,\u00a0Japan <\/span><\/p>\n<p style=\"text-align: center;\"><span style=\"color: #ccffff;\">Video edition on Veine \/ Myaku &amp; Tsujigiri<\/span><\/p>\n<p style=\"text-align: center;\"><span style=\"color: #ccffff;\">Video edition collaboration on \u5ead\u5e2b\u306e\u5922 &#8211; niwashi no yume : with Masaki Yanagida &amp; Meri Otoshi<\/span><\/p>\n<p style=\"text-align: center;\">Mus\u00e9e Sainte-Croix, Poitiers<\/p>\n<p style=\"text-align: center;\">Pujaut, Villeneuve-lez-Avignon<\/p>\n<p style=\"text-align: center;\">Festival Bouteille en Bretelles, Bourg Saint And\u00e9ol<\/p>\n<p style=\"text-align: center;\">with Ryotaro Sudo, Hugues Vincent &amp; guests, Bab&rsquo;ilo, Paris<\/p>\n<p style=\"text-align: center;\">Jazz au Mejean, Arles<\/p>\n<p style=\"text-align: center;\">Oizins Oizines, Saint Mesmin<\/p>\n<p style=\"text-align: center;\">Traverse, Bagn\u00e8res-de-Bigorre<\/p>\n<p style=\"text-align: center;\">Jardin partag\u00e9 du plateau de Bagnolet<\/p>\n<p style=\"text-align: center;\">Les Estivases, Th\u00e9\u00e2tre d&rsquo;Ardoise, Ile d&rsquo;Ol\u00e9ron<\/p>\n<p style=\"text-align: center;\">Carte blanche \u00e0 Avis de Stages, La Borne<\/p>\n<p style=\"text-align: center;\">Festival Aux heures d&rsquo;\u00e9t\u00e9, douves du ch\u00e2teau de Nantes<\/p>\n<p style=\"text-align: center;\">Festival Andan\u00e7as, Castelo de Vide, Portugal<\/p>\n<p style=\"text-align: center;\">Festival Vibrations, Rouen<\/p>\n<p style=\"text-align: center;\">Festival NoBorder, Le Vauban, Brest<\/p>\n<p style=\"text-align: center;\">Concert priv\u00e9 au Downtown Studio, Paris<\/p>\n<p style=\"text-align: center;\">Mus\u00e9e du septennat, Nevers d&rsquo;jazz, Chateau-Chinon<\/p>\n<p style=\"text-align: center;\"><span style=\"line-height: 1.5;\">Jazz sous les pommiers, Coutances<\/span><\/p>\n<p style=\"text-align: center;\">Chinon en Jazz, Chinon<\/p>\n<p style=\"text-align: center;\">Spinning Mill gallery, Osaka<\/p>\n<p style=\"text-align: center;\">AJMI-T\u00eates de jazz, Festival d&rsquo;Avignon<\/p>\n<p style=\"text-align: center;\">Institut franco-japonais du Kansai, Ky\u00f4to<\/p>\n<p style=\"text-align: center;\">Alphabet Avenue, Ky\u00f4to<\/p>\n<p style=\"text-align: center;\">Magatama Cafe, Osaka<\/p>\n<p style=\"text-align: center;\">Urbanguild, Ky\u00f4to<\/p>\n<p style=\"text-align: center;\">Cafe Cream, Kokura<\/p>\n<p style=\"text-align: center;\">After the rain, Fukuoka<\/p>\n<p style=\"text-align: center;\">Syokudo Ruins, Ky\u00f4to<\/p>\n<p style=\"text-align: center;\">Le Briscope, Lyon<\/p>\n<p style=\"text-align: center;\">Abbaye aux Dames, Festival de musique de Saintes<\/p>\n<p style=\"text-align: center;\">Le pied dans la bassine, Sainte Croix<\/p>\n<p style=\"text-align: center;\">Utopies Festivales, Pisy<\/p>\n<p style=\"text-align: center;\">Bercy Village, Paris<\/p>\n<p style=\"text-align: center;\">Petit Bain , Paris<\/p>\n<p style=\"text-align: center;\">Rhinojazz(s) Festival, Saint Chamond<\/p>\n<p style=\"text-align: center;\">Du bleu en hiver, Tulle<\/p>\n<p style=\"text-align: center;\">Neo&rsquo;trad fest, Milano<\/p>\n<p style=\"text-align: center;\">De Bouche \u00e0 Oreille, Parthenay<\/p>\n<p style=\"text-align: center;\">Tribu festival, Dijon<\/p>\n<p style=\"text-align: center;\">Le P\u00e9riscope, Lyon<\/p>\n<p style=\"text-align: center;\">L&rsquo;Entrepot, Paris<\/p>\n<p style=\"text-align: center;\">Rencontres des arts fous, Fouras<\/p>\n<p style=\"text-align: center;\">Les Suds, Arles<\/p>\n<p style=\"text-align: center;\">TAP Th\u00e9\u00e2tre auditorium, Poitiers<\/p>\n<p style=\"text-align: center;\">Le M\u00e9t\u00e9o, Poitiers<\/p>\n<p style=\"text-align: center;\">Bal \u00e0 la scierie, Abjat-sur-Bandiat<\/p>\n<p style=\"text-align: center;\">Musico Chato, Chateau-Renaud<\/p>\n<p style=\"text-align: center;\">Boombal Festival, Gand<\/p>\n<p style=\"text-align: center;\">Rencontres de luthiers et ma\u00eetres sonneurs du Ch\u00e2teau d&rsquo;Ars<\/p>\n<p style=\"text-align: center;\">La Bellevilloise, Paris<\/p>\n<p style=\"text-align: center;\">Avis de Stages, La Borne<\/p>\n<p style=\"text-align: center;\">New Jaz&rsquo; Cafe, Angers<\/p>\n","protected":false},"excerpt":{"rendered":"<p>du 1er au 18 septembre 2025 : niwashi no yume, Rhizottome &amp; Superphosphate JAPAN TOUR : 04-09-2025 \u2192 niwashi no yume \u5ead\u5e2b\u306e\u5922\u00a0 @ Villa Kujoyama, KYOTO 05-09-2025 \u2192 niwashi no yume \u5ead\u5e2b\u306e\u5922\u00a0 @ UrBANGUILD, KYOTO 07-09-2025 \u2192 RHIZOTTOME feat Alban Pacher &amp; Ihara Tokiko\u00a0 @ Le March\u00e9 IFJK, KYOTO 08-09-2025 \u2192 Improvisation night @ UrBANGUILD, &hellip; <\/p>\n<p class=\"link-more\"><a href=\"https:\/\/systole.fr\/rhizottome\/agenda\/\" class=\"more-link\">Continuer la lecture<span class=\"screen-reader-text\"> de &laquo;&nbsp;Agenda&nbsp;&raquo;<\/span><\/a><\/p>\n","protected":false},"author":1,"featured_media":0,"parent":0,"menu_order":0,"comment_status":"open","ping_status":"open","template":"","meta":[],"_links":{"self":[{"href":"https:\/\/systole.fr\/rhizottome\/wp-json\/wp\/v2\/pages\/24"}],"collection":[{"href":"https:\/\/systole.fr\/rhizottome\/wp-json\/wp\/v2\/pages"}],"about":[{"href":"https:\/\/systole.fr\/rhizottome\/wp-json\/wp\/v2\/types\/page"}],"author":[{"embeddable":true,"href":"https:\/\/systole.fr\/rhizottome\/wp-json\/wp\/v2\/users\/1"}],"replies":[{"embeddable":true,"href":"https:\/\/systole.fr\/rhizottome\/wp-json\/wp\/v2\/comments?post=24"}],"version-history":[{"count":44,"href":"https:\/\/systole.fr\/rhizottome\/wp-json\/wp\/v2\/pages\/24\/revisions"}],"predecessor-version":[{"id":1077,"href":"https:\/\/systole.fr\/rhizottome\/wp-json\/wp\/v2\/pages\/24\/revisions\/1077"}],"wp:attachment":[{"href":"https:\/\/systole.fr\/rhizottome\/wp-json\/wp\/v2\/media?parent=24"}],"curies":[{"name":"wp","href":"https:\/\/api.w.org\/{rel}","templated":true}]}}